{"id":877,"date":"2016-03-09T16:02:00","date_gmt":"2016-03-09T16:02:00","guid":{"rendered":"http:\/\/www.ometatron.gr\/es\/products\/netra\/"},"modified":"2020-02-07T10:39:06","modified_gmt":"2020-02-07T10:39:06","slug":"netra","status":"publish","type":"page","link":"http:\/\/www.ometatron.gr\/es\/products\/netra\/","title":{"rendered":"Netra"},"content":{"rendered":"<div class=\"panel-grid\" id=\"pg-877-0\" ><div class=\"panel-grid-core\"><div class=\"panel-grid-cell\" id=\"pgc-877-0-0\" ><div class=\"panel-widget-style\" ><p><img decoding=\"async\" src=\"http:\/\/www.ometatron.gr\/wp-content\/uploads\/2016\/02\/@2netra-556x570.png\" alt=\"\" \/ ><\/p><\/div><\/div><div class=\"panel-grid-cell\" id=\"pgc-877-0-1\" ><div class=\"panel-widget-style\" ><div class=\"margin20\"><\/div><\/div><div class=\"panel-widget-style\" ><div class=\"divider\"><\/div><\/div><div class=\"panel-widget-style\" ><div class=\"panel-grid\" id=\"pg-w5e3ae8e9875d2-0\" ><div class=\"panel-grid-core\"><div class=\"panel-grid-cell\" id=\"pgc-w5e3ae8e9875d2-0-0\" ><div class=\"panel-widget-style\" ><h1 style=\"font-weight: 700;font-style: normal;\"><span>NETRA<\/span><\/h1><\/div><\/div><\/div><\/div><div class=\"panel-grid\" id=\"pg-w5e3ae8e9875d2-1\" ><div class=\"panel-grid-core\"><div class=\"panel-grid-cell\" id=\"pgc-w5e3ae8e9875d2-1-0\" ><div class=\"panel-widget-style\" ><div class=\"divider\"><\/div><\/div><\/div><\/div><\/div><div class=\"panel-grid\" id=\"pg-w5e3ae8e9875d2-2\" ><div class=\"panel-grid-core\"><div class=\"panel-grid-cell\" id=\"pgc-w5e3ae8e9875d2-2-0\" ><div class=\"panel-widget-style\" ><p><span style=\"color: #6b6b6b;\"><span style=\"color: #808080;\"><strong>Contiene:<\/strong><\/span>\u00a0<\/span>1 tableta de 610 mg<\/p><p><span style=\"color: #808080;\"><strong>Dosis:<\/strong>\u00a0<\/span>1 pastilla, una hora y media antes del contacto.<\/p><h3>\u00a0<\/h3><\/div><\/div><\/div><\/div><\/div><\/div><div class=\"panel-grid-cell\" id=\"pgc-877-0-2\" >&nbsp;<\/div><\/div><\/div><div class=\"panel-grid\" id=\"pg-877-1\" ><div class=\"panel-grid-core\"><div class=\"panel-grid-cell\" id=\"pgc-877-1-0\" ><div class=\"panel-widget-style\" ><h1 style=\"font-style: normal;\"><span>La p\u00edldora natural del amor.<\/span><\/h1><\/div><div class=\"panel-widget-style\" ><div class=\"divider\"><\/div><\/div><div class=\"panel-widget-style\" ><p>La p\u00edldora herbal del amor sin efectos secundarios. Un secreto masculino en tu bolsillo. La seguridad de 40 horas de acci\u00f3n y confianza en el amor. Dale a tu cuerpo la energ\u00eda y el poder de la vida en el amor.<\/p><p><strong> Netra:<\/strong><\/p><ul><li><strong>Es un nuevo producto natural que apoya una mejor erecci\u00f3n y eso significa mejor sexo.<\/li><li>\nEs para un disfrute sexual m\u00e1s intenso para el hombre y tambi\u00e9n para los efectos positivos para la mujer.<\/li><li>\nEs un suplemento nutricional y no se necesita receta m\u00e9dica.<\/li><li><strong>\nEs una p\u00edldora de una sola vez. A diferencia de muchos otros suplementos diet\u00e9ticos, solo debe usar una p\u00edldora aproximadamente una hora antes, tal vez una hora y media dependiendo de su cuerpo.\n<\/li><li>\nConsiste solo en ingredientes naturales. El impacto positivo en la virilidad se conoce desde hace siglos.\u00a0<\/li><li>\nAyuda a mejorar la erecci\u00f3n y mejorar la libido humana.<\/li><\/ul><ul><li>\nEl extracto de hierbas que contiene Urtica Dioica tiene un efecto positivo sobre la circulaci\u00f3n sangu\u00ednea y el aumento de testosterona en el cuerpo. Combinado con los otros ingredientes del producto ayuda a aumentar el rendimiento er\u00f3tico.<\/li><li>\nL - La arginina tiene un efecto positivo sobre la actividad sexual, el deseo sexual y la erecci\u00f3n. Tambi\u00e9n es compatible con la circulaci\u00f3n sangu\u00ednea regular.<\/li><\/ul><ul><li><span style=\"color: #b50000;\">\nNETRA es el mejor suplemento diet\u00e9tico para la disfunci\u00f3n er\u00e9ctil<\/span><\/li><li><span style=\"color: #b50000;\">\nCon NETRA tu vida sexual renacer\u00e1.<\/span><\/li><\/ul><p><strong>\nNo tiene que evitar el sexo y ya no estar\u00e1 bajo la presi\u00f3n de un bajo rendimiento. Convi\u00e9rtete en un h\u00e9roe en la cama.<\/strong> <strong>Become a hero in bed.<\/strong><\/p><\/div><\/div><\/div><\/div><div class=\"panel-grid\" id=\"pg-877-2\" ><div class=\"panel-grid-core\"><div class=\"panel-grid-cell\" id=\"pgc-877-2-0\" ><div class=\"panel-widget-style\" ><blockquote class=\"style2\">Ingredientes b\u00e1sicos<\/blockquote><\/div><div class=\"panel-widget-style\" ><div id=\"accordion-thinkupshortcodesthinkup_builder_toggle\" class=\"accordion style1\"><div class=\"accordion-group\"><div class=\"accordion-heading\"><a class=\"accordion-toggle collapsed\" data-toggle=\"collapse\" data-parent=\"#accordion-thinkupshortcodesthinkup_builder_toggle\" href=\"#thinkupshortcodesthinkup_builder_toggle-0\">L - arginina<\/a><\/div><div id=\"thinkupshortcodesthinkup_builder_toggle-0\" class=\"accordion-body collapse\"><div class=\"accordion-inner\">La arginina es uno de los amino\u00e1cidos semi-esenciales (es decir, amino\u00e1cidos que el cuerpo bajo ciertas condiciones por s\u00ed solo no puede producir en cantidades suficientes; esta condici\u00f3n generalmente ocurre durante per\u00edodos de crecimiento, aumento de la actividad f\u00edsica, enfermedad, etc.). Mejora la experiencia sexual: el amino\u00e1cido arginina es una sustancia completamente \u00fanica e insustituible responsable del transporte de \u00f3xido n\u00edtrico y la secreci\u00f3n directa de la hormona del crecimiento (GH-Hormona de crecimiento). El mon\u00f3xido de nitr\u00f3geno (NO) en el cuerpo humano se cre\u00f3 principalmente a partir de arginina, suficiente \u00f3xido n\u00edtrico. Es esencial para mantener la permeabilidad de los vasos sangu\u00edneos (efectos vasodilatadores, vasodilataci\u00f3n), apoyar la erecci\u00f3n y la fertilidad en los hombres. El \u00f3xido n\u00edtrico mejora el flujo sangu\u00edneo a los m\u00fasculos, mejora el suministro de ox\u00edgeno al coraz\u00f3n y al cerebro. Los estudios han demostrado el efecto positivo de la administraci\u00f3n de L-arginina en los hombres: aumenta la producci\u00f3n de esperma y mejora la capacidad er\u00e9ctil y la libido sexual.\nEn mujeres, el uso de arginina aumenta la excitaci\u00f3n sexual.\n<\/div><\/div><\/div><\/div><\/div><div class=\"panel-widget-style\" ><div id=\"accordion-thinkupshortcodesthinkup_builder_toggle1\" class=\"accordion style1\"><div class=\"accordion-group\"><div class=\"accordion-heading\"><a class=\"accordion-toggle collapsed\" data-toggle=\"collapse\" data-parent=\"#accordion-thinkupshortcodesthinkup_builder_toggle1\" href=\"#thinkupshortcodesthinkup_builder_toggle1-0\">Urtica Dioica<\/a><\/div><div id=\"thinkupshortcodesthinkup_builder_toggle1-0\" class=\"accordion-body collapse\"><div class=\"accordion-inner\"><\/div><\/div><\/div><\/div><\/div><div class=\"panel-widget-style\" ><div id=\"accordion-thinkupshortcodesthinkup_builder_toggle2\" class=\"accordion style1\"><div class=\"accordion-group\"><div class=\"accordion-heading\"><a class=\"accordion-toggle collapsed\" data-toggle=\"collapse\" data-parent=\"#accordion-thinkupshortcodesthinkup_builder_toggle2\" href=\"#thinkupshortcodesthinkup_builder_toggle2-0\">Octacosanol<\/a><\/div><div id=\"thinkupshortcodesthinkup_builder_toggle2-0\" class=\"accordion-body collapse\"><div class=\"accordion-inner\">Est\u00e1 contenido en el aceite de germen de trigo, que es una de las mejores fuentes de vitamina E. Es una parte valiosa de una dieta equilibrada. Tambi\u00e9n se puede encontrar en granos enteros, nueces y az\u00facar.<\/div><\/div><\/div><\/div><\/div><div class=\"panel-widget-style\" ><div id=\"accordion-thinkupshortcodesthinkup_builder_toggle3\" class=\"accordion style1\"><div class=\"accordion-group\"><div class=\"accordion-heading\"><a class=\"accordion-toggle collapsed\" data-toggle=\"collapse\" data-parent=\"#accordion-thinkupshortcodesthinkup_builder_toggle3\" href=\"#thinkupshortcodesthinkup_builder_toggle3-0\">Coffein<\/a><\/div><div id=\"thinkupshortcodesthinkup_builder_toggle3-0\" class=\"accordion-body collapse\"><div class=\"accordion-inner\">Llamado as\u00ed por la planta Coffea arabica, es un alcaloide que estimula positivamente el sistema nervioso central y el coraz\u00f3n. En los humanos, la cafe\u00edna, que act\u00faa como un estimulante del sistema nervioso central, suprime temporalmente la fatiga y las alertas. La cafe\u00edna se absorbe bien en el est\u00f3mago y el intestino delgado. aumenta el az\u00facar en la sangre durante 45 a 60 minutos despu\u00e9s de la ingesti\u00f3n. Tiene distintos efectos sobre la circulaci\u00f3n sangu\u00ednea. Aumenta la presi\u00f3n arterial y la producci\u00f3n de \u00e1cido en el est\u00f3mago, acelera los pulsos, mejora el uso de las reservas de grasas y \u00e1cidos grasos liberados en el torrente sangu\u00edneo. Estos efectos pueden durar desde unas pocas horas hasta doce horas, pero despu\u00e9s de 4 d\u00edas de uso regular, el cuerpo se vuelve duradero. Entonces, incluso si al principio, la cafe\u00edna hace que la presi\u00f3n arterial aumente y el coraz\u00f3n lata m\u00e1s r\u00e1pido, no se observar\u00e1n cambios despu\u00e9s de la aplicaci\u00f3n normal.<\/div><\/div><\/div><\/div><\/div><\/div><\/div><\/div><div class=\"panel-grid\" id=\"pg-877-3\" ><div class=\"panel-grid-core\"><div class=\"panel-grid-cell\" id=\"pgc-877-3-0\" ><div class=\"panel-widget-style\" ><blockquote class=\"style2\">Preguntas frecuentes<\/blockquote><\/div><div class=\"panel-widget-style\" ><div id=\"accordion-thinkupshortcodesthinkup_builder_toggle4\" class=\"accordion style2\"><div class=\"accordion-group\"><div class=\"accordion-heading\"><a class=\"accordion-toggle collapsed\" data-toggle=\"collapse\" data-parent=\"#accordion-thinkupshortcodesthinkup_builder_toggle4\" href=\"#thinkupshortcodesthinkup_builder_toggle4-0\">\u00bfCu\u00e1nto tiempo lleva hasta que NETRA comience a funcionar?<\/a><\/div><div id=\"thinkupshortcodesthinkup_builder_toggle4-0\" class=\"accordion-body collapse\"><div class=\"accordion-inner\">Cada cuerpo es un poco diferente, por lo que no podemos decir qu\u00e9 tan r\u00e1pido NETRA funcionar\u00e1 para usted. En nuestras pruebas, el tiempo promedio que NETRA entr\u00f3 en vigencia fue despu\u00e9s de 36 minutos. Sin embargo, recomendamos una o una hora y media antes del contacto.<\/div><\/div><\/div><\/div><\/div><div class=\"panel-widget-style\" ><div id=\"accordion-thinkupshortcodesthinkup_builder_toggle5\" class=\"accordion style2\"><div class=\"accordion-group\"><div class=\"accordion-heading\"><a class=\"accordion-toggle collapsed\" data-toggle=\"collapse\" data-parent=\"#accordion-thinkupshortcodesthinkup_builder_toggle5\" href=\"#thinkupshortcodesthinkup_builder_toggle5-0\">\u00bfC\u00f3mo s\u00e9 que NETRA comenz\u00f3 a funcionar?<\/a><\/div><div id=\"thinkupshortcodesthinkup_builder_toggle5-0\" class=\"accordion-body collapse\"><div class=\"accordion-inner\">NETRA induce y garantiza una mejor respuesta f\u00edsica y mental al impulso sexual y, por lo tanto, disfrutar\u00e1 de una relaci\u00f3n sexual m\u00e1s fuerte y duradera.<\/div><\/div><\/div><\/div><\/div><div class=\"panel-widget-style\" ><div id=\"accordion-thinkupshortcodesthinkup_builder_toggle6\" class=\"accordion style2\"><div class=\"accordion-group\"><div class=\"accordion-heading\"><a class=\"accordion-toggle collapsed\" data-toggle=\"collapse\" data-parent=\"#accordion-thinkupshortcodesthinkup_builder_toggle6\" href=\"#thinkupshortcodesthinkup_builder_toggle6-0\">\u00bfCu\u00e1nto dura Netra?<\/a><\/div><div id=\"thinkupshortcodesthinkup_builder_toggle6-0\" class=\"accordion-body collapse\"><div class=\"accordion-inner\">Netra es un suplemento nutricional que ayuda a mejorar la circulaci\u00f3n y el apetito sexual. Si toma una p\u00edldora por la ma\u00f1ana, tambi\u00e9n le ayudar\u00e1 a tener una buena noche de erecci\u00f3n. Puede durar hasta 30 horas, pero recomiendo quitarlo de la comida para obtener mejores resultados y definitivamente una hora y media antes de las relaciones sexuales.<\/div><\/div><\/div><\/div><\/div><div class=\"panel-widget-style\" ><div id=\"accordion-thinkupshortcodesthinkup_builder_toggle7\" class=\"accordion style2\"><div class=\"accordion-group\"><div class=\"accordion-heading\"><a class=\"accordion-toggle collapsed\" data-toggle=\"collapse\" data-parent=\"#accordion-thinkupshortcodesthinkup_builder_toggle7\" href=\"#thinkupshortcodesthinkup_builder_toggle7-0\">\u00bfNetra es una medicina?<\/a><\/div><div id=\"thinkupshortcodesthinkup_builder_toggle7-0\" class=\"accordion-body collapse\"><div class=\"accordion-inner\">\u00a1No! Es un suplemento nutricional, no hay necesidad de receta m\u00e9dica y contiene solo ingredientes seguros. El uso regular de Netra mejorar\u00e1 su circulaci\u00f3n sangu\u00ednea, lo que mejorar\u00e1 su libido sexual.<\/div><\/div><\/div><\/div><\/div><\/div><div class=\"panel-grid-cell\" id=\"pgc-877-3-1\" ><div class=\"panel-widget-style\" style=\"border-width: 1px !important; border-style: solid !important; border-color: #e0e0e0 !important;\" ><div class=\"panel-grid\" id=\"pg-w5e3aeb85ad90e-0\" ><div class=\"panel-grid-core\"><div class=\"panel-grid-cell\" id=\"pgc-w5e3aeb85ad90e-0-0\" ><div class=\"panel-widget-style\" ><a href=\"http:\/\/www.netra.gr\"><img decoding=\"async\" src=\"http:\/\/www.ometatron.gr\/wp-content\/uploads\/2016\/02\/@2netra.png\" alt=\"\" \/ ><\/a><\/div><\/div><div class=\"panel-grid-cell\" id=\"pgc-w5e3aeb85ad90e-0-1\" ><div class=\"panel-widget-style\" ><div class=\"margin30\"><\/div><\/div><div class=\"panel-widget-style\" ><h3 style=\"font-weight: 700;font-style: normal;\"><span>\u039d\u0395\u03a4RA<\/span><\/h3><\/div><div class=\"panel-widget-style\" >Siente la confianza de 40 horas de acci\u00f3n y la confianza en el amor. Ofrezca a su cuerpo el PODER y la VIDA de la vida en el amor.<\/div><div class=\"panel-widget-style\" ><a href=\"http:\/\/www.netra.gr\/el-2\/%CE%B1%CF%81%CF%87%CE%B9%CE%BA%CE%B7\/\" id=\"thinkupshortcodesthinkup_builder_buttontheme\" class=\"button style3 grey small standard\">www.netra.gr<\/a><style>#thinkupshortcodesthinkup_builder_buttontheme { color: #ffffff; }#thinkupshortcodesthinkup_builder_buttontheme:hover { color: #ffffff; }#thinkupshortcodesthinkup_builder_buttontheme { background: #E0E0E0; }#thinkupshortcodesthinkup_builder_buttontheme:hover { background: #ffffff; }<\/style><\/div><\/div><\/div><\/div><\/div><\/div><\/div><\/div><div class=\"panel-grid\" id=\"pg-877-4\" ><div class=\"panel-grid-core\"><div class=\"panel-grid-cell\" id=\"pgc-877-4-0\" ><div class=\"panel-widget-style\" ><a target=\"_blank\" href=\"http:\/\/www.ometatron.gr\/enimerotiko-fylladio\/\" id=\"thinkupshortcodesthinkup_builder_buttontheme1\" class=\"button style1 themebutton medium standard\">Leer m\u00e1s<\/a><style>#thinkupshortcodesthinkup_builder_buttontheme1 { color: #F5EBEB; }#thinkupshortcodesthinkup_builder_buttontheme1:hover { color: #F0E4E4; }#thinkupshortcodesthinkup_builder_buttontheme1 { background: #E0CCCC; }#thinkupshortcodesthinkup_builder_buttontheme1:hover { background: #E3D6D6; }<\/style><\/div><\/div><\/div><\/div><div class=\"panel-grid\" id=\"pg-877-5\" ><div class=\"panel-grid-core\"><div class=\"panel-grid-cell\" id=\"pgc-877-5-0\" ><div class=\"panel-widget-style\" ><h1 style=\"font-style: normal;\"><span>La p\u00edldora herbal del amor sin efectos secundarios. <\/span><\/h1><\/div><\/div><\/div><\/div><div class=\"panel-grid\" id=\"pg-877-6\" ><div class=\"panel-grid-core\"><div class=\"panel-grid-cell\" id=\"pgc-877-6-0\" ><div class=\"panel-widget-style\" ><div class=\"divider\"><\/div><\/div><\/div><\/div><\/div><div class=\"panel-grid\" id=\"pg-877-7\" ><div class=\"panel-grid-core\"><div class=\"panel-grid-cell\" id=\"pgc-877-7-0\" ><div class=\"panel-widget-style\" ><iframe loading=\"lazy\" width=\"1170\" height=\"878\" src=\"https:\/\/www.youtube.com\/embed\/yG6KTrBXaTk?feature=oembed\" frameborder=\"0\" allowfullscreen><\/iframe><\/div><\/div><div class=\"panel-grid-cell\" id=\"pgc-877-7-1\" ><div class=\"panel-widget-style\" ><iframe loading=\"lazy\" width=\"1170\" height=\"658\" src=\"https:\/\/www.youtube.com\/embed\/tPq2ImuHqxE?feature=oembed\" frameborder=\"0\" allowfullscreen><\/iframe><\/div><\/div><\/div><\/div><div class=\"panel-grid\" id=\"pg-877-8\" ><div class=\"panel-grid-core\"><div class=\"panel-grid-cell\" id=\"pgc-877-8-0\" ><div class=\"panel-widget-style\" ><div id=\"sc-action-thinkupshortcodesthinkup_builder_calltoaction\" class=\"thinkupshortcodesthinkup_builder_calltoaction sc-action\"><div class=\"sc-action-core\"><div class=\"action-message two_third\"><div class=\"action-text\"><h3>Corporate responsibility with respect of the human being<\/h3><\/div><div class=\"action-teaser\"><p>Our reliability, quality and corporate responsibility are the functions that compose our vision of meeting the needs of modern human.<\/p>\n<\/div><\/div><div class=\"action-link one_third last\"><a class=\"themebutton\" href=\"http:\/\/www.ometatron.gr\/en\/innovation\/\"current>READ MORE<\/a><\/div><div class=\"clearboth\"><\/div><\/div><\/div><\/div><\/div><\/div><\/div>","protected":false},"excerpt":{"rendered":"<p>NETRAContiene:\u00a01 tableta de 610 mgDosis:\u00a01 pastilla, una hora y media antes del contacto.\u00a0&nbsp;La p\u00edldora natural del amor.La p\u00edldora herbal del amor sin efectos secundarios. Un secreto masculino en tu bolsillo. La seguridad de 40 horas de acci\u00f3n y confianza en el amor. Dale a tu cuerpo la energ\u00eda y el poder de la vida en<\/p>\n<p class=\"more-link\"><a href=\"http:\/\/www.ometatron.gr\/es\/products\/netra\/\" class=\"themebutton2\">READ MORE<\/a><\/p>\n","protected":false},"author":1,"featured_media":0,"parent":849,"menu_order":0,"comment_status":"closed","ping_status":"closed","template":"","meta":{"footnotes":""},"categories":[],"tags":[],"class_list":["post-877","page","type-page","status-publish","hentry"],"_links":{"self":[{"href":"http:\/\/www.ometatron.gr\/es\/wp-json\/wp\/v2\/pages\/877","targetHints":{"allow":["GET"]}}],"collection":[{"href":"http:\/\/www.ometatron.gr\/es\/wp-json\/wp\/v2\/pages"}],"about":[{"href":"http:\/\/www.ometatron.gr\/es\/wp-json\/wp\/v2\/types\/page"}],"author":[{"embeddable":true,"href":"http:\/\/www.ometatron.gr\/es\/wp-json\/wp\/v2\/users\/1"}],"replies":[{"embeddable":true,"href":"http:\/\/www.ometatron.gr\/es\/wp-json\/wp\/v2\/comments?post=877"}],"version-history":[{"count":10,"href":"http:\/\/www.ometatron.gr\/es\/wp-json\/wp\/v2\/pages\/877\/revisions"}],"predecessor-version":[{"id":977,"href":"http:\/\/www.ometatron.gr\/es\/wp-json\/wp\/v2\/pages\/877\/revisions\/977"}],"up":[{"embeddable":true,"href":"http:\/\/www.ometatron.gr\/es\/wp-json\/wp\/v2\/pages\/849"}],"wp:attachment":[{"href":"http:\/\/www.ometatron.gr\/es\/wp-json\/wp\/v2\/media?parent=877"}],"wp:term":[{"taxonomy":"category","embeddable":true,"href":"http:\/\/www.ometatron.gr\/es\/wp-json\/wp\/v2\/categories?post=877"},{"taxonomy":"post_tag","embeddable":true,"href":"http:\/\/www.ometatron.gr\/es\/wp-json\/wp\/v2\/tags?post=877"}],"curies":[{"name":"wp","href":"https:\/\/api.w.org\/{rel}","templated":true}]}}