{"id":834,"date":"2017-01-24T15:36:11","date_gmt":"2017-01-24T15:36:11","guid":{"rendered":"http:\/\/www.ometatron.gr\/es\/contact\/"},"modified":"2020-02-07T09:55:07","modified_gmt":"2020-02-07T09:55:07","slug":"contact","status":"publish","type":"page","link":"http:\/\/www.ometatron.gr\/es\/contact\/","title":{"rendered":"CONTACTO"},"content":{"rendered":"<div class=\"panel-grid\" id=\"pg-834-0\" ><div class=\"panel-grid-core\"><div class=\"panel-grid-cell\" id=\"pgc-834-0-0\" ><div class=\"panel-widget-style\" ><div class=\"thinkupbuilder-texteditor\" data-wide=\"on\"><div id=\"wpgmza_map\" class=\"wpgmza_map\" data-settings='{\"id\":\"1\",\"map_title\":\"MAP OMETATRON KALLITHEA\",\"map_width\":\"100\",\"map_height\":\"500\",\"map_start_lat\":\"40.667571\",\"map_start_lng\":\"17.016904\",\"map_start_location\":\"40.66757107842622,17.01690400000006\",\"map_start_zoom\":\"3\",\"default_marker\":\"0\",\"type\":\"1\",\"alignment\":\"1\",\"directions_enabled\":\"1\",\"styling_enabled\":\"0\",\"styling_json\":\"\",\"active\":\"0\",\"kml\":\"\",\"bicycle\":\"2\",\"traffic\":\"2\",\"dbox\":\"1\",\"dbox_width\":\"250\",\"listmarkers\":\"0\",\"listmarkers_advanced\":\"0\",\"filterbycat\":\"0\",\"ugm_enabled\":\"0\",\"ugm_category_enabled\":\"0\",\"fusion\":\"\",\"map_width_type\":\"\\\\%\",\"map_height_type\":\"px\",\"mass_marker_support\":\"1\",\"ugm_access\":\"0\",\"order_markers_by\":\"1\",\"order_markers_choice\":\"2\",\"show_user_location\":\"0\",\"default_to\":\"\",\"other_settings\":{\"store_locator_enabled\":2,\"store_locator_distance\":2,\"store_locator_bounce\":1,\"store_locator_query_string\":\"ZIP \\\/ Address:\",\"wpgmza_store_locator_restrict\":\"\",\"map_max_zoom\":\"1\",\"transport_layer\":2,\"wpgmza_theme_data\":\"[{\\\\\\\"featureType\\\\\\\":\\\\\\\"landscape\\\\\\\",\\\\\\\"stylers\\\\\\\":[{\\\\\\\"saturation\\\\\\\":-100},{\\\\\\\"lightness\\\\\\\":65},{\\\\\\\"visibility\\\\\\\":\\\\\\\"on\\\\\\\"}]},{\\\\\\\"featureType\\\\\\\":\\\\\\\"poi\\\\\\\",\\\\\\\"stylers\\\\\\\":[{\\\\\\\"saturation\\\\\\\":-100},{\\\\\\\"lightness\\\\\\\":51},{\\\\\\\"visibility\\\\\\\":\\\\\\\"simplified\\\\\\\"}]},{\\\\\\\"featureType\\\\\\\":\\\\\\\"road.highway\\\\\\\",\\\\\\\"stylers\\\\\\\":[{\\\\\\\"saturation\\\\\\\":-100},{\\\\\\\"visibility\\\\\\\":\\\\\\\"simplified\\\\\\\"}]},{\\\\\\\"featureType\\\\\\\":\\\\\\\"road.arterial\\\\\\\",\\\\\\\"stylers\\\\\\\":[{\\\\\\\"saturation\\\\\\\":-100},{\\\\\\\"lightness\\\\\\\":30},{\\\\\\\"visibility\\\\\\\":\\\\\\\"on\\\\\\\"}]},{\\\\\\\"featureType\\\\\\\":\\\\\\\"road.local\\\\\\\",\\\\\\\"stylers\\\\\\\":[{\\\\\\\"saturation\\\\\\\":-100},{\\\\\\\"lightness\\\\\\\":40},{\\\\\\\"visibility\\\\\\\":\\\\\\\"on\\\\\\\"}]},{\\\\\\\"featureType\\\\\\\":\\\\\\\"transit\\\\\\\",\\\\\\\"stylers\\\\\\\":[{\\\\\\\"saturation\\\\\\\":-100},{\\\\\\\"visibility\\\\\\\":\\\\\\\"simplified\\\\\\\"}]},{\\\\\\\"featureType\\\\\\\":\\\\\\\"administrative.province\\\\\\\",\\\\\\\"stylers\\\\\\\":[{\\\\\\\"visibility\\\\\\\":\\\\\\\"off\\\\\\\"}]},{\\\\\\\"featureType\\\\\\\":\\\\\\\"water\\\\\\\",\\\\\\\"elementType\\\\\\\":\\\\\\\"labels\\\\\\\",\\\\\\\"stylers\\\\\\\":[{\\\\\\\"visibility\\\\\\\":\\\\\\\"on\\\\\\\"},{\\\\\\\"lightness\\\\\\\":-25},{\\\\\\\"saturation\\\\\\\":-100}]},{\\\\\\\"featureType\\\\\\\":\\\\\\\"water\\\\\\\",\\\\\\\"elementType\\\\\\\":\\\\\\\"geometry\\\\\\\",\\\\\\\"stylers\\\\\\\":[{\\\\\\\"hue\\\\\\\":\\\\\\\"#ffff00\\\\\\\"},{\\\\\\\"lightness\\\\\\\":-25},{\\\\\\\"saturation\\\\\\\":-97}]}]\",\"wpgmza_theme_selection\":3}}' data-map-id='1' Data-maps-engine='' data-shortcode-attributes='{\"id\":\"1\"}' style=\"display:block; overflow:auto; width:100%; height:500px; float:left;\"><\/div><\/div><\/div><div class=\"panel-widget-style\" ><div class=\"margin20\"><\/div><\/div><\/div><\/div><\/div><div class=\"panel-grid\" id=\"pg-834-1\" ><div class=\"panel-grid-core\"><div class=\"panel-grid-cell\" id=\"pgc-834-1-0\" ><div class=\"panel-widget-style\" ><div class=\"divider\"><\/div><\/div><div class=\"panel-widget-style\" ><div class=\"animated start-slideInLeft\" title=\"\"><h3 style=\"font-style: normal;\"><span>EMPRESA FARMAC\u00c9UTICA OMETATRON<\/span><\/h3><\/div><div class=\"clearboth\"><\/div><\/div><\/div><\/div><\/div><div class=\"panel-grid\" id=\"pg-834-2\" ><div class=\"panel-grid-core\"><div class=\"panel-grid-cell\" id=\"pgc-834-2-0\" ><div class=\"panel-widget-style\" ><div class=\"animated start-slideInLeft\" title=\"\"><h1 style=\"font-size: 15px;font-style: normal;\"><span>GRECIA<\/span><\/h1><\/div><div class=\"clearboth\"><\/div><\/div><div class=\"panel-widget-style\" ><div class=\"divider\"><\/div><\/div><div class=\"panel-widget-style\" ><p><strong>E. VAMVAKOUSIS Y CO<\/strong><br \/>PERIKLEOUS 2, KALLITHEA<br \/>\n17673 ATENAS - GRECIA<br \/><strong>T<\/strong> + 30 210 9593830<br \/><strong>E<\/strong> info@netra.gr, info@ometatron.gr<\/p><\/div><\/div><div class=\"panel-grid-cell\" id=\"pgc-834-2-1\" ><div class=\"panel-widget-style\" ><div class=\"animated start-slideInLeft\" title=\"\"><h1 style=\"font-size: 15px;font-style: normal;\"><span>INGLATERRA<\/span><\/h1><\/div><div class=\"clearboth\"><\/div><\/div><div class=\"panel-widget-style\" ><div class=\"divider\"><\/div><\/div><div class=\"panel-widget-style\" ><div class=\"animated start-slideInLeft\" title=\"\"><h1 style=\"font-size: 15px;font-style: normal;\"><span>ALEMANIA<\/span><\/h1><\/div><div class=\"clearboth\"><\/div><\/div><\/div><div class=\"panel-grid-cell\" id=\"pgc-834-2-2\" ><div class=\"panel-widget-style\" ><div class=\"animated start-slideInLeft\" title=\"\"><h1 style=\"font-size: 15px;font-style: normal;\"><span>AM\u00c9RICA<\/span><\/h1><\/div><div class=\"clearboth\"><\/div><\/div><div class=\"panel-widget-style\" ><div class=\"divider\"><\/div><\/div><div class=\"panel-widget-style\" ><div class=\"animated start-slideInLeft\" title=\"\"><h1 style=\"font-size: 15px;font-style: normal;\"><span>SUDAM\u00c9RICA<\/span><\/h1><\/div><div class=\"clearboth\"><\/div><\/div><\/div><div class=\"panel-grid-cell\" id=\"pgc-834-2-3\" ><div class=\"panel-widget-style\" ><div class=\"animated start-slideInLeft\" title=\"\"><h1 style=\"font-size: 15px;font-style: normal;\"><span>RED GLOBAL<\/span><\/h1><\/div><div class=\"clearboth\"><\/div><\/div><div class=\"panel-widget-style\" ><p><strong> OMETATRON <\/strong>tiene una red global de socios especiales que componen nuestra visi\u00f3n de satisfacer las necesidades de los humanos modernos.<\/p><\/div><\/div><\/div><\/div><div class=\"panel-grid\" id=\"pg-834-3\" ><div class=\"panel-grid-core\"><div class=\"panel-grid-cell\" id=\"pgc-834-3-0\" ><div class=\"panel-widget-style\" ><div class=\"animated start-slideInLeft\" title=\"\"><h1 style=\"font-size: 20px;font-style: normal;\"><span>CONT\u00c1CTENOS<\/span><\/h1><\/div><div class=\"clearboth\"><\/div><\/div><div class=\"panel-widget-style\" >Cont\u00e1ctenos para cualquier informaci\u00f3n.<\/div><div class=\"panel-widget-style\" ><div class=\"margin30\"><\/div><\/div><div class=\"panel-widget-style\" >\n<div class=\"wpcf7 no-js\" id=\"wpcf7-f964-o1\" lang=\"el\" dir=\"ltr\" data-wpcf7-id=\"964\">\n<div class=\"screen-reader-response\"><p role=\"status\" aria-live=\"polite\" aria-atomic=\"true\"><\/p> <ul><\/ul><\/div>\n<form action=\"\/es\/wp-json\/wp\/v2\/pages\/834#wpcf7-f964-o1\" method=\"post\" class=\"wpcf7-form init\" aria-label=\"\u03a6\u03cc\u03c1\u03bc\u03b1 \u03b5\u03c0\u03b9\u03ba\u03bf\u03b9\u03bd\u03c9\u03bd\u03af\u03b1\u03c2\" novalidate=\"novalidate\" data-status=\"init\">\n<fieldset class=\"hidden-fields-container\"><input type=\"hidden\" name=\"_wpcf7\" value=\"964\" \/><input type=\"hidden\" name=\"_wpcf7_version\" value=\"6.1.5\" \/><input type=\"hidden\" name=\"_wpcf7_locale\" value=\"el\" \/><input type=\"hidden\" name=\"_wpcf7_unit_tag\" value=\"wpcf7-f964-o1\" \/><input type=\"hidden\" name=\"_wpcf7_container_post\" value=\"0\" \/><input type=\"hidden\" name=\"_wpcf7_posted_data_hash\" value=\"\" \/>\n<\/fieldset>\n<p>Tu nombre (requerido)\n<\/p>\n<p><span class=\"wpcf7-form-control-wrap\" data-name=\"your-name\"><input size=\"40\" maxlength=\"400\" class=\"wpcf7-form-control wpcf7-text wpcf7-validates-as-required\" aria-required=\"true\" aria-invalid=\"false\" value=\"\" type=\"text\" name=\"your-name\" \/><\/span>\n<\/p>\n<p>Su direcci\u00f3n de correo electr\u00f3nico (requerido)\n<\/p>\n<p><span class=\"wpcf7-form-control-wrap\" data-name=\"your-email\"><input size=\"40\" maxlength=\"400\" class=\"wpcf7-form-control wpcf7-email wpcf7-validates-as-required wpcf7-text wpcf7-validates-as-email\" aria-required=\"true\" aria-invalid=\"false\" value=\"\" type=\"email\" name=\"your-email\" \/><\/span>\n<\/p>\n<p>Tema\n<\/p>\n<p><span class=\"wpcf7-form-control-wrap\" data-name=\"your-subject\"><input size=\"40\" maxlength=\"400\" class=\"wpcf7-form-control wpcf7-text\" aria-invalid=\"false\" value=\"\" type=\"text\" name=\"your-subject\" \/><\/span>\n<\/p>\n<p>Tu mensaje\n<\/p>\n<p><span class=\"wpcf7-form-control-wrap\" data-name=\"your-message\"><textarea cols=\"40\" rows=\"10\" maxlength=\"2000\" class=\"wpcf7-form-control wpcf7-textarea\" aria-invalid=\"false\" name=\"your-message\"><\/textarea><\/span>\n<\/p>\n<p><input class=\"wpcf7-form-control wpcf7-submit has-spinner\" type=\"submit\" value=\"ENVIAR\" \/>\n<\/p><div class=\"wpcf7-response-output\" aria-hidden=\"true\"><\/div>\n<\/form>\n<\/div>\n<\/div><\/div><\/div><\/div>","protected":false},"excerpt":{"rendered":"<p>EMPRESA FARMAC\u00c9UTICA OMETATRONGRECIAE. VAMVAKOUSIS Y COPERIKLEOUS 2, KALLITHEA 17673 ATENAS &#8211; GRECIAT + 30 210 9593830E info@netra.gr, info@ometatron.grINGLATERRAALEMANIAAM\u00c9RICASUDAM\u00c9RICARED GLOBAL OMETATRON tiene una red global de socios especiales que componen nuestra visi\u00f3n de satisfacer las necesidades de los humanos modernos.CONT\u00c1CTENOSCont\u00e1ctenos para cualquier informaci\u00f3n. Tu nombre (requerido) Su direcci\u00f3n de correo electr\u00f3nico (requerido) Tema Tu mensaje<\/p>\n","protected":false},"author":1,"featured_media":0,"parent":0,"menu_order":0,"comment_status":"closed","ping_status":"closed","template":"template-parallax.php","meta":{"footnotes":""},"class_list":["post-834","page","type-page","status-publish","hentry"],"_links":{"self":[{"href":"http:\/\/www.ometatron.gr\/es\/wp-json\/wp\/v2\/pages\/834","targetHints":{"allow":["GET"]}}],"collection":[{"href":"http:\/\/www.ometatron.gr\/es\/wp-json\/wp\/v2\/pages"}],"about":[{"href":"http:\/\/www.ometatron.gr\/es\/wp-json\/wp\/v2\/types\/page"}],"author":[{"embeddable":true,"href":"http:\/\/www.ometatron.gr\/es\/wp-json\/wp\/v2\/users\/1"}],"replies":[{"embeddable":true,"href":"http:\/\/www.ometatron.gr\/es\/wp-json\/wp\/v2\/comments?post=834"}],"version-history":[{"count":7,"href":"http:\/\/www.ometatron.gr\/es\/wp-json\/wp\/v2\/pages\/834\/revisions"}],"predecessor-version":[{"id":965,"href":"http:\/\/www.ometatron.gr\/es\/wp-json\/wp\/v2\/pages\/834\/revisions\/965"}],"wp:attachment":[{"href":"http:\/\/www.ometatron.gr\/es\/wp-json\/wp\/v2\/media?parent=834"}],"curies":[{"name":"wp","href":"https:\/\/api.w.org\/{rel}","templated":true}]}}