{"id":810,"date":"2016-02-05T10:53:10","date_gmt":"2016-02-05T10:53:10","guid":{"rendered":"http:\/\/www.ometatron.gr\/es\/innovation\/"},"modified":"2020-02-07T10:28:46","modified_gmt":"2020-02-07T10:28:46","slug":"innovation","status":"publish","type":"page","link":"http:\/\/www.ometatron.gr\/es\/innovation\/","title":{"rendered":"INNOVACI\u00d3N"},"content":{"rendered":"<div class=\"panel-grid\" id=\"pg-810-0\" ><div class=\"panel-grid-core\"><div class=\"panel-grid-cell\" id=\"pgc-810-0-0\" ><div class=\"panel-widget-style\" ><p><img decoding=\"async\" src=\"http:\/\/www.ometatron.gr\/wp-content\/uploads\/2016\/02\/L_AdobeStock_78049035.jpg\" alt=\"\" \/ ><\/p><\/div><\/div><div class=\"panel-grid-cell\" id=\"pgc-810-0-1\" ><div class=\"panel-widget-style\" style=\"background:#d1d1d1; border-width: 1px !important; border-style: solid !important; border-color: #85a2bf !important; text-align: left !important; padding-top: 20px !important; padding-right: 12px !important;\" ><h2 style=\"padding-left: 30px; text-align: left;\"><span style=\"color: #ffffff; font-size: 14pt;\">OMETATRON PRODUCTOS <\/span><\/h2><p style=\"padding-left: 30px;\"><span style=\"font-size: 10pt;\"> <strong>OMETATRON<\/strong> es una de las empresas farmac\u00e9uticas de m\u00e1s estrategia crecimiento con el objetivo de promover productos innovadores para optimizar las enfermedades, tales como la disfunci\u00f3n er\u00e9ctil, as\u00ed como condiciones tales como atonia, p\u00e9rdida de la memoria y el estr\u00e9s.<\/span><\/p><p style=\"padding-left: 30px;\"><span style=\"color: #b00000; font-size: 10pt;\"><strong><a href=\"http:\/\/www.ometatron.gr\/es\/products\/\">Leer m\u00e1s<\/a><\/strong><\/span><\/p><\/div><\/div><\/div><\/div><div class=\"panel-grid\" id=\"pg-810-1\" ><div class=\"panel-grid-core\"><div class=\"panel-grid-cell\" id=\"pgc-810-1-0\" ><div class=\"panel-widget-style\" ><div class=\"divider\"><\/div><\/div><\/div><\/div><\/div><div class=\"panel-grid\" id=\"pg-810-2\" ><div class=\"panel-grid-core\"><div class=\"panel-grid-cell\" id=\"pgc-810-2-0\" ><div class=\"panel-widget-style\" ><h2><span style=\"color: #a60000;\">OMETATRON INNOVACI\u00d3N<\/span><\/h2><hr \/><p>En los \u00faltimos a\u00f1os, el  innovaci\u00f3n se atribuye a productos o servicios resultantes de la conversi\u00f3n de una idea muy peque\u00f1a en una gran caracter\u00edstica o una originalidad.<\/p><p>\nHoy en d\u00eda nuestra empresa se distingue por sus productos innovadores y mejorados que promueven la salud en muchas \u00e1reas. Nuestras asociaciones  con las nuevas unidades productivas, nuestra fiabilidad, calidad y responsabilidad corporativa son las funciones que componen nuestra visi\u00f3n de satisfacer  las necesidades del ser humano moderno con el lanzamiento de una gama  de suplementos nutricionales innovadores en colaboraci\u00f3n con organismos certificados tanto en Grecia como en el extranjero. Siempre hacemos lo mejor para mejorar la calidad de vida de las personas.<\/p><\/div><\/div><\/div><\/div><div class=\"panel-grid\" id=\"pg-810-3\" ><div class=\"panel-grid-core\"><div class=\"panel-grid-cell\" id=\"pgc-810-3-0\" ><div class=\"panel-widget-style\" ><div class=\"divider\"><\/div><\/div><div class=\"panel-widget-style\" ><div id=\"sc-action-thinkupshortcodesthinkup_builder_calltoaction\" class=\"thinkupshortcodesthinkup_builder_calltoaction sc-action\"><div class=\"sc-action-core\"><div class=\"action-message two_third\"><div class=\"action-text\"><h3>RESPONSABILIDAD CORPORATIVA CON RESPECTO AL SER HUMANO<\/h3><\/div><div class=\"action-teaser\"><p>Nuestra fiabilidad, calidad y responsabilidad corporativa son las funciones que componen nuestra visi\u00f3n de satisfacer las necesidades del ser humano moderno.<\/p>\n<\/div><\/div><div class=\"action-link one_third last\"><a class=\"themebutton\" href=\"http:\/\/www.ometatron.gr\/es\/innovation\/\"current>Leer m\u00e1s<\/a><\/div><div class=\"clearboth\"><\/div><\/div><\/div><\/div><\/div><\/div><\/div>","protected":false},"excerpt":{"rendered":"<p>OMETATRON PRODUCTOS OMETATRON es una de las empresas farmac\u00e9uticas de m\u00e1s estrategia crecimiento con el objetivo de promover productos innovadores para optimizar las enfermedades, tales como la disfunci\u00f3n er\u00e9ctil, as\u00ed como condiciones tales como atonia, p\u00e9rdida de la memoria y el estr\u00e9s.Leer m\u00e1sOMETATRON INNOVACI\u00d3NEn los \u00faltimos a\u00f1os, el innovaci\u00f3n se atribuye a productos o servicios<\/p>\n<p class=\"more-link\"><a href=\"http:\/\/www.ometatron.gr\/es\/innovation\/\" class=\"themebutton2\">READ MORE<\/a><\/p>\n","protected":false},"author":1,"featured_media":0,"parent":0,"menu_order":0,"comment_status":"closed","ping_status":"closed","template":"","meta":{"footnotes":""},"categories":[],"tags":[],"class_list":["post-810","page","type-page","status-publish","hentry"],"_links":{"self":[{"href":"http:\/\/www.ometatron.gr\/es\/wp-json\/wp\/v2\/pages\/810","targetHints":{"allow":["GET"]}}],"collection":[{"href":"http:\/\/www.ometatron.gr\/es\/wp-json\/wp\/v2\/pages"}],"about":[{"href":"http:\/\/www.ometatron.gr\/es\/wp-json\/wp\/v2\/types\/page"}],"author":[{"embeddable":true,"href":"http:\/\/www.ometatron.gr\/es\/wp-json\/wp\/v2\/users\/1"}],"replies":[{"embeddable":true,"href":"http:\/\/www.ometatron.gr\/es\/wp-json\/wp\/v2\/comments?post=810"}],"version-history":[{"count":4,"href":"http:\/\/www.ometatron.gr\/es\/wp-json\/wp\/v2\/pages\/810\/revisions"}],"predecessor-version":[{"id":973,"href":"http:\/\/www.ometatron.gr\/es\/wp-json\/wp\/v2\/pages\/810\/revisions\/973"}],"wp:attachment":[{"href":"http:\/\/www.ometatron.gr\/es\/wp-json\/wp\/v2\/media?parent=810"}],"wp:term":[{"taxonomy":"category","embeddable":true,"href":"http:\/\/www.ometatron.gr\/es\/wp-json\/wp\/v2\/categories?post=810"},{"taxonomy":"post_tag","embeddable":true,"href":"http:\/\/www.ometatron.gr\/es\/wp-json\/wp\/v2\/tags?post=810"}],"curies":[{"name":"wp","href":"https:\/\/api.w.org\/{rel}","templated":true}]}}