{"id":785,"date":"2017-02-11T18:14:24","date_gmt":"2017-02-11T18:14:24","guid":{"rendered":"http:\/\/www.ometatron.gr\/es\/new-home-page\/"},"modified":"2020-02-07T10:17:37","modified_gmt":"2020-02-07T10:17:37","slug":"new-home-page","status":"publish","type":"page","link":"http:\/\/www.ometatron.gr\/es\/","title":{"rendered":"OMETATRON"},"content":{"rendered":"<div class=\"panel-grid\" id=\"pg-785-0\" ><div class=\"panel-grid-core\"><div class=\"panel-grid-cell\" id=\"pgc-785-0-0\" ><div class=\"panel-widget-style\" style=\"text-align: center !important;\" ><div class=\"thinkupslider-sc style1 full-width\" data-height=\"419\" data-wide=\"on\"><div id=\"thinkupshortcodesthinkup_builder_thinkupslider\" class=\"thinkupslider-sc-core\"><div class=\"rslides-container\" data-speed=\"6000\"><div class=\"rslides-inner page-inner\"><ul class=\"slides\"><li><img decoding=\"async\" src=\"http:\/\/www.ometatron.gr\/wp-content\/themes\/Renden_Pro\/images\/transparent.png\" style=\"background: url(http:\/\/www.ometatron.gr\/wp-content\/uploads\/2017\/05\/L_AdobeStock_108247658.jpg) no-repeat center; background-size: cover;\" alt=\"INNOVACI\u00d3N\" \/><div class=\"rslides-content\"><div class=\"wrap-safari\"><div class=\"rslides-content-inner\"><div class=\"featured\"><div class=\"featured-title\"><span>INNOVACI\u00d3N<\/span><\/div><div class=\"featured-excerpt\"><p><span>Hoy en d\u00eda nuestra empresa se distingue por sus productos innovadores y mejorados que promueven la salud en muchas \u00e1reas<\/span><\/p>\n<\/div><div class=\"featured-link\"><a href=\"http:\/\/www.ometatron.gr\/es\/innovation\/\"><span>Leer m\u00e1s<\/a><\/span><\/div><\/div><\/div><\/div><\/div><\/li><li><img decoding=\"async\" src=\"http:\/\/www.ometatron.gr\/wp-content\/themes\/Renden_Pro\/images\/transparent.png\" style=\"background: url(http:\/\/www.ometatron.gr\/wp-content\/uploads\/2017\/05\/L_AdobeStock_102248370.jpg) no-repeat center; background-size: cover;\" alt=\"RESPONSABILIDAD\" \/><div class=\"rslides-content\"><div class=\"wrap-safari\"><div class=\"rslides-content-inner\"><div class=\"featured\"><div class=\"featured-title\"><span>RESPONSABILIDAD<\/span><\/div><div class=\"featured-excerpt\"><p><span>Nuestras asociaciones con las nuevas unidades productivas, nuestra fiabilidad, calidad y responsabilidad corporativa son las funciones que componen nuestra visi\u00f3n de satisfacer las necesidades de los humanos modernos<\/span><\/p>\n<\/div><div class=\"featured-link\"><a href=\"http:\/\/www.ometatron.gr\/es\/about-us\/\"><span>Leer m\u00e1s<\/a><\/span><\/div><\/div><\/div><\/div><\/div><\/li><li><img decoding=\"async\" src=\"http:\/\/www.ometatron.gr\/wp-content\/themes\/Renden_Pro\/images\/transparent.png\" style=\"background: url(http:\/\/www.ometatron.gr\/wp-content\/uploads\/2017\/05\/LL_AdobeStock_125368191.jpg) no-repeat center; background-size: cover;\" alt=\"RED GLOBAL\" \/><div class=\"rslides-content\"><div class=\"wrap-safari\"><div class=\"rslides-content-inner\"><div class=\"featured\"><div class=\"featured-title\"><span>RED GLOBAL<\/span><\/div><div class=\"featured-excerpt\"><p><span>Apalancando alianzas con compa\u00f1\u00edas multinacionales y con productores globales tanto de productos farmac\u00e9uticos como de suplementos nutricionales, promueve la salud humana<\/span><\/p>\n<\/div><div class=\"featured-link\"><a href=\"http:\/\/www.ometatron.gr\/es\/contact\/\"><span>Leer m\u00e1s<\/a><\/span><\/div><\/div><\/div><\/div><\/div><\/li><\/ul><\/div><\/div><\/div><\/div><\/div><\/div><\/div><\/div><div class=\"panel-grid\" id=\"pg-785-1\" ><div class=\"panel-grid-core\"><div class=\"panel-grid-cell\" id=\"pgc-785-1-0\" ><div class=\"panel-widget-style\" style=\"background:#ffffff; border-width: 2px !important; border-style: solid !important; border-color: #e0e0e0 !important; -webkit-border-radius: 2px; -moz-border-radius: 2px; -ms-border-radius: 2px; -o-border-radius: 2px; border-radius: 2px; text-align: center !important; padding-top: 2px !important; padding-bottom: 2px !important; padding-left: 2px !important; padding-right: 2px !important;\" ><div class=\"panel-grid\" id=\"pg-w5e3d3941e9dde-0\" ><div class=\"panel-grid-core\"><div class=\"panel-grid-cell\" id=\"pgc-w5e3d3941e9dde-0-0\" ><div class=\"panel-widget-style\" style=\"background: url(&quot;http:\/\/www.ometatron.gr\/wp-content\/uploads\/2015\/12\/shutterstock_266080838-2.jpg&quot;) !important; background-position: left top !important; background-repeat: repeat !important; background-size: auto !important; background-attachment: scroll !important;\" ><p><img decoding=\"async\" src=\"http:\/\/www.ometatron.gr\/wp-content\/uploads\/2015\/12\/shutterstock_266080838-2.jpg\" alt=\"\" \/ ><\/p><\/div><div class=\"panel-widget-style\" ><p style=\"text-align: center;\"><strong><span style=\"font-size: 12pt; color: #000000;\">RESPONSABILIDAD<\/span><\/strong><\/p><hr \/><p style=\"text-align: center;\"><span style=\"font-size: 10pt;\">La compa\u00f1\u00eda farmac\u00e9utica OMETATRON desde 2011 est\u00e1 activada en la promoci\u00f3n de productos innovadores dise\u00f1ados para promover la salud humana.<\/span><\/p><p style=\"text-align: center;\"><span style=\"font-size: 10pt;\"><a href=\"http:\/\/www.ometatron.gr\/es\/about-us\/\">m\u00e1s\u00bb<\/a><\/span><\/p><\/div><\/div><\/div><\/div><\/div><\/div><div class=\"panel-grid-cell\" id=\"pgc-785-1-1\" ><div class=\"panel-widget-style\" style=\"background:#ffffff; border-width: 2px !important; border-style: solid !important; border-color: #e0e0e0 !important; -webkit-border-radius: 2px; -moz-border-radius: 2px; -ms-border-radius: 2px; -o-border-radius: 2px; border-radius: 2px; padding-top: 2px !important; padding-bottom: 2px !important; padding-left: 2px !important; padding-right: 2px !important;\" ><div class=\"panel-grid\" id=\"pg-w5e3d3941e9e59-0\" ><div class=\"panel-grid-core\"><div class=\"panel-grid-cell\" id=\"pgc-w5e3d3941e9e59-0-0\" ><div class=\"panel-widget-style\" ><p><img decoding=\"async\" src=\"http:\/\/www.ometatron.gr\/wp-content\/uploads\/2016\/02\/featured1.jpg\" alt=\"\" \/ ><\/p><\/div><div class=\"panel-widget-style\" ><p style=\"text-align: center;\"><strong><span style=\"font-size: 12pt; color: #000000;\">INNOVACI\u00d3N<\/span><\/strong><\/p><hr \/><p style=\"text-align: center;\"><span style=\"font-size: 10pt;\">En los \u00faltimos a\u00f1os, el  innovaci\u00f3n se atribuye a productos o servicios resultantes de la conversi\u00f3n de una idea muy peque\u00f1a en una gran caracter\u00edstica...<\/span><\/p><p style=\"text-align: center;\"><span style=\"font-size: 10pt;\"><a href=\"http:\/\/www.ometatron.gr\/es\/innovation\/\">m\u00e1s\u00bb<\/a><\/span><\/p><\/div><\/div><\/div><\/div><\/div><\/div><div class=\"panel-grid-cell\" id=\"pgc-785-1-2\" ><div class=\"panel-widget-style\" style=\"background:#ffffff; border-width: 2px !important; border-style: solid !important; border-color: #e0e0e0 !important; -webkit-border-radius: 2px; -moz-border-radius: 2px; -ms-border-radius: 2px; -o-border-radius: 2px; border-radius: 2px; padding-top: 2px !important; padding-bottom: 2px !important; padding-left: 2px !important; padding-right: 2px !important;\" ><div class=\"panel-grid\" id=\"pg-w5e3d3941e9fdd-0\" ><div class=\"panel-grid-core\"><div class=\"panel-grid-cell\" id=\"pgc-w5e3d3941e9fdd-0-0\" ><div class=\"panel-widget-style\" ><p><img decoding=\"async\" src=\"http:\/\/www.ometatron.gr\/wp-content\/uploads\/2017\/02\/productrs.jpg\" alt=\"\" \/ ><\/p><\/div><div class=\"panel-widget-style\" ><p style=\"text-align: center;\"><strong><span style=\"font-size: 12pt; color: #000000;\">PRODUCTO<\/span><\/strong><\/p><hr \/><p style=\"text-align: center;\"><span style=\"font-size: 10pt;\"> <strong>OMETATRON<\/strong> es una de las compa\u00f1\u00edas farmac\u00e9uticas de m\u00e1s estrategia crecimiento con el objetivo de promover productos innovadores...<\/span><\/p><p style=\"text-align: center;\"><span style=\"font-size: 10pt;\"><a href=\"http:\/\/www.ometatron.gr\/es\/products\/\">m\u00e1s\u00bb<\/a><\/span><\/p><\/div><\/div><\/div><\/div><\/div><\/div><\/div><\/div><div class=\"panel-grid\" id=\"pg-785-2\" ><div class=\"panel-grid-core\"><div class=\"panel-grid-cell\" id=\"pgc-785-2-0\" ><div class=\"panel-widget-style\" ><p><img decoding=\"async\" src=\"http:\/\/www.ometatron.gr\/wp-content\/uploads\/2017\/02\/L_AdobeStock_74464033.png\" alt=\"\" \/ ><\/p><\/div><\/div><div class=\"panel-grid-cell\" id=\"pgc-785-2-1\" ><div class=\"panel-widget-style\" ><div class=\"margin50\"><\/div><\/div><div class=\"panel-widget-style\" ><h2><span style=\"color: #a30021;\"><strong>NUESTRA VISI\u00d3N <\/strong><\/span><\/h2><\/div><div class=\"panel-widget-style\" >OMETATRON es una de las empresas farmac\u00e9uticas de m\u00e1s estrategia crecimiento con el objetivo de promover productos innovadores para optimizar las enfermedades, tales como la disfunci\u00f3n er\u00e9ctil, as\u00ed como condiciones tales como atonia, p\u00e9rdida de la memoria y el estr\u00e9s.\nApalancando alianzas con compa\u00f1\u00edas multinacionales y con productores globales tanto de productos farmac\u00e9uticos como de suplementos nutricionales, promueve la salud humana\nHoy en d\u00eda nuestra empresa se distingue por sus productos innovadores y mejorados que promueven la salud en muchas \u00e1reas. Nuestras asociaciones con las nuevas unidades productivas, nuestra fiabilidad, calidad y responsabilidad corporativa son las funciones que componen nuestra visi\u00f3n de satisfacer las necesidades del ser humano moderno con el lanzamiento de una gama de suplementos nutricionales innovadores en colaboraci\u00f3n con organismos certificados tanto en Grecia como en el extranjero. Siempre hacemos lo mejor para mejorar la calidad de vida de las personas.\n<\/div><\/div><\/div><\/div><div class=\"panel-grid\" id=\"pg-785-3\" ><div class=\"panel-grid-core\"><div class=\"panel-grid-cell\" id=\"pgc-785-3-0\" ><div class=\"panel-widget-style\" ><div class=\"iconfull style1 iconlink\"><div class=\"iconimage\"><a href=\"http:\/\/www.ometatron.gr\/es\/innovation\/\"><i class=\"fa fa-gears fa-4x fa-inverse\"><\/i><\/a><\/div><div class=\"iconmain\"><h3>INNOVACI\u00d3N<\/h3><p>Nuestra responsabilidad corporativa son las funciones que componen nuestra visi\u00f3n de satisfacer las necesidades de la humanidad moderna.<\/p><p class=\"iconurl\"><a href=\"http:\/\/www.ometatron.gr\/es\/innovation\/\">m\u00e1s<\/a><\/p><\/div><\/div><\/div><\/div><div class=\"panel-grid-cell\" id=\"pgc-785-3-1\" ><div class=\"panel-widget-style\" ><div class=\"iconfull style1 iconlink\"><div class=\"iconimage\"><a href=\"http:\/\/www.ometatron.gr\/es\/products\/\"><i class=\"fa fa-suitcase fa-4x fa-inverse\"><\/i><\/a><\/div><div class=\"iconmain\"><h3>PRODUCTOS DE RESPONSABILIDAD<\/h3><p>OMETATRON tiene como objetivo promover productos innovadores para optimizar enfermedades como la debilidad o la p\u00e9rdida de memoria y el estr\u00e9s.<\/p><p class=\"iconurl\"><a href=\"http:\/\/www.ometatron.gr\/es\/products\/\">m\u00e1s<\/a><\/p><\/div><\/div><\/div><\/div><div class=\"panel-grid-cell\" id=\"pgc-785-3-2\" ><div class=\"panel-widget-style\" ><div class=\"iconfull style1 iconlink\"><div class=\"iconimage\"><a href=\"http:\/\/www.ometatron.gr\/es\/contact\/\"><i class=\"fa fa-globe fa-4x fa-inverse\"><\/i><\/a><\/div><div class=\"iconmain\"><h3>RED GLOBAL<\/h3><p>OMETATRON tiene una red global de socios especiales que componen nuestra visi\u00f3n de satisfacer las necesidades de los humanos modernos.<\/p><p class=\"iconurl\"><a href=\"http:\/\/www.ometatron.gr\/es\/contact\/\">m\u00e1s<\/a><\/p><\/div><\/div><\/div><\/div><\/div><\/div><div class=\"panel-grid\" id=\"pg-785-4\" ><div class=\"panel-grid-core\"><div class=\"panel-grid-cell\" id=\"pgc-785-4-0\" ><div class=\"panel-widget-style\" ><div class=\"animated start-rollIn\" title=\"\"><h1 style=\"font-style: normal;\"><span>CONF\u00cdAN EN NOSOTROS<\/span><\/h1><\/div><div class=\"clearboth\"><\/div><\/div><\/div><\/div><\/div><div class=\"panel-grid\" id=\"pg-785-5\" ><div class=\"panel-grid-core\"><div class=\"panel-grid-cell\" id=\"pgc-785-5-0\" ><div class=\"panel-widget-style\" ><div class=\"animated start-slideInLeft\" title=\"\"><p><img decoding=\"async\" src=\"http:\/\/www.ometatron.gr\/wp-content\/uploads\/2017\/02\/L_AdobeStock_63795831.jpg\" alt=\"\" \/ ><\/p><\/div><div class=\"clearboth\"><\/div><\/div><\/div><div class=\"panel-grid-cell\" id=\"pgc-785-5-1\" ><div class=\"panel-widget-style\" >OMETATRON es una de las empresas farmac\u00e9uticas de m\u00e1s estrategia crecimiento con el objetivo de promover productos innovadores para optimizar las enfermedades, tales como la disfunci\u00f3n er\u00e9ctil, as\u00ed como condiciones tales como atonia, p\u00e9rdida de la memoria y el estr\u00e9s.\n\n\n\n<\/div><div class=\"panel-widget-style\" ><div class=\"margin50\"><\/div><\/div><div class=\"panel-widget-style\" ><blockquote class=\"style1\">\"Nuestras asociaciones con las nuevas unidades productivas, nuestra fiabilidad, calidad y responsabilidad corporativa son las funciones que componen nuestra visi\u00f3n de satisfacer las necesidades de los humanos modernos<\/blockquote><\/div><div class=\"panel-widget-style\" ><div class=\"margin50\"><\/div><\/div><\/div><\/div><\/div><div class=\"panel-grid\" id=\"pg-785-6\" ><div class=\"panel-grid-core\"><div class=\"panel-grid-cell\" id=\"pgc-785-6-0\" ><div class=\"panel-widget-style\" style=\"text-align: center !important;\" ><div class=\"panel-grid\" id=\"pg-w5e39b763d19cb-0\" ><div class=\"panel-grid-core\"><div class=\"panel-grid-cell\" id=\"pgc-w5e39b763d19cb-0-0\" ><div class=\"panel-widget-style\" ><div id=\"thinkupshortcodesthinkup_builder_counternumber\" class=\"sc-knob sc-counter\" ><input class=\"sc-knob-dial\" data-delay=\"10\" type=\"text\" value=\"0\" data-value=\"9560\" data-max=\"9560\"><\/div><style>#thinkupshortcodesthinkup_builder_counternumber .sc-knob-dial { color: #FFFFFF !important; }<\/style><\/div><div class=\"panel-widget-style\" ><div style=\"text-align: center;\"><span style=\"color: #ffffff;\"><strong>PHARMACEUTICALS IN GREECE<\/strong><\/span><\/div><\/div><\/div><\/div><\/div><\/div><\/div><div class=\"panel-grid-cell\" id=\"pgc-785-6-1\" ><div class=\"panel-widget-style\" style=\"text-align: center !important;\" ><div class=\"panel-grid\" id=\"pg-w5e39b7a84ee9f-0\" ><div class=\"panel-grid-core\"><div class=\"panel-grid-cell\" id=\"pgc-w5e39b7a84ee9f-0-0\" ><div class=\"panel-widget-style\" style=\"text-align: center !important;\" ><div id=\"thinkupshortcodesthinkup_builder_counternumber1\" class=\"sc-knob sc-counter\" ><input class=\"sc-knob-dial\" data-delay=\"100\" type=\"text\" value=\"0\" data-value=\" 1155\" data-max=\" 1155\"><\/div><style>#thinkupshortcodesthinkup_builder_counternumber1 .sc-knob-dial { color: #ffffff !important; }<\/style><\/div><div class=\"panel-widget-style\" ><div style=\"text-align: center;\"><span style=\"color: #ffffff;\"><strong>DAILY CUSTOMERS<\/strong><\/span><\/div><\/div><\/div><\/div><\/div><\/div><\/div><div class=\"panel-grid-cell\" id=\"pgc-785-6-2\" ><div class=\"panel-widget-style\" style=\"text-align: center !important;\" ><div class=\"panel-grid\" id=\"pg-w5e39b7fd1a667-0\" ><div class=\"panel-grid-core\"><div class=\"panel-grid-cell\" id=\"pgc-w5e39b7fd1a667-0-0\" ><div class=\"panel-widget-style\" ><div id=\"thinkupshortcodesthinkup_builder_counternumber2\" class=\"sc-knob sc-counter\" ><input class=\"sc-knob-dial\" data-delay=\"0\" type=\"text\" value=\"0\" data-value=\"5\" data-max=\"5\"><\/div><style>#thinkupshortcodesthinkup_builder_counternumber2 .sc-knob-dial { color: #FFFFFF !important; }<\/style><\/div><div class=\"panel-widget-style\" ><div><span style=\"color: #ffffff;\"><strong>WORLDWIDE REPRESENTATIVES<\/strong><\/span><\/div><\/div><\/div><\/div><\/div><\/div><\/div><\/div><\/div><div class=\"panel-grid\" id=\"pg-785-7\" ><div class=\"panel-grid-core\"><div class=\"panel-grid-cell\" id=\"pgc-785-7-0\" ><div class=\"panel-widget-style\" ><div id=\"sc-action-thinkupshortcodesthinkup_builder_calltoaction\" class=\"thinkupshortcodesthinkup_builder_calltoaction sc-action\"><div class=\"sc-action-core\"><div class=\"action-message two_third\"><div class=\"action-text\"><h3>RESPONSABILIDAD CORPORATIVA CON RESPECTO AL SER HUMANO<\/h3><\/div><div class=\"action-teaser\"><p>Nuestra fiabilidad, calidad y responsabilidad corporativa son las funciones que componen nuestra visi\u00f3n de satisfacer las necesidades del ser humano moderno.<\/p>\n<\/div><\/div><div class=\"action-link one_third last\"><a class=\"themebutton\" href=\"http:\/\/www.ometatron.gr\/es\/innovation\/\"current>Leer m\u00e1s<\/a><\/div><div class=\"clearboth\"><\/div><\/div><\/div><\/div><\/div><\/div><\/div>","protected":false},"excerpt":{"rendered":"<p>INNOVACI\u00d3NHoy en d\u00eda nuestra empresa se distingue por sus productos innovadores y mejorados que promueven la salud en muchas \u00e1reas Leer m\u00e1sRESPONSABILIDADNuestras asociaciones con las nuevas unidades productivas, nuestra fiabilidad, calidad y responsabilidad corporativa son las funciones que componen nuestra visi\u00f3n de satisfacer las necesidades de los humanos modernos Leer m\u00e1sRED GLOBALApalancando alianzas con compa\u00f1\u00edas<\/p>\n<p class=\"more-link\"><a href=\"http:\/\/www.ometatron.gr\/es\/\" class=\"themebutton2\">READ MORE<\/a><\/p>\n","protected":false},"author":1,"featured_media":0,"parent":0,"menu_order":0,"comment_status":"closed","ping_status":"closed","template":"template-parallax.php","meta":{"footnotes":""},"categories":[],"tags":[],"class_list":["post-785","page","type-page","status-publish","hentry"],"_links":{"self":[{"href":"http:\/\/www.ometatron.gr\/es\/wp-json\/wp\/v2\/pages\/785","targetHints":{"allow":["GET"]}}],"collection":[{"href":"http:\/\/www.ometatron.gr\/es\/wp-json\/wp\/v2\/pages"}],"about":[{"href":"http:\/\/www.ometatron.gr\/es\/wp-json\/wp\/v2\/types\/page"}],"author":[{"embeddable":true,"href":"http:\/\/www.ometatron.gr\/es\/wp-json\/wp\/v2\/users\/1"}],"replies":[{"embeddable":true,"href":"http:\/\/www.ometatron.gr\/es\/wp-json\/wp\/v2\/comments?post=785"}],"version-history":[{"count":19,"href":"http:\/\/www.ometatron.gr\/es\/wp-json\/wp\/v2\/pages\/785\/revisions"}],"predecessor-version":[{"id":967,"href":"http:\/\/www.ometatron.gr\/es\/wp-json\/wp\/v2\/pages\/785\/revisions\/967"}],"wp:attachment":[{"href":"http:\/\/www.ometatron.gr\/es\/wp-json\/wp\/v2\/media?parent=785"}],"wp:term":[{"taxonomy":"category","embeddable":true,"href":"http:\/\/www.ometatron.gr\/es\/wp-json\/wp\/v2\/categories?post=785"},{"taxonomy":"post_tag","embeddable":true,"href":"http:\/\/www.ometatron.gr\/es\/wp-json\/wp\/v2\/tags?post=785"}],"curies":[{"name":"wp","href":"https:\/\/api.w.org\/{rel}","templated":true}]}}