{"id":696,"date":"2016-02-05T10:52:40","date_gmt":"2016-02-05T10:52:40","guid":{"rendered":"http:\/\/www.ometatron.gr\/es\/about-us\/"},"modified":"2020-02-07T10:25:03","modified_gmt":"2020-02-07T10:25:03","slug":"about-us","status":"publish","type":"page","link":"http:\/\/www.ometatron.gr\/es\/about-us\/","title":{"rendered":"LA COMPA\u00d1\u00cdA"},"content":{"rendered":"<div class=\"panel-grid\" id=\"pg-696-0\" ><div class=\"panel-grid-core\"><div class=\"panel-grid-cell\" id=\"pgc-696-0-0\" ><div class=\"panel-widget-style\" ><p><img decoding=\"async\" src=\"http:\/\/www.ometatron.gr\/wp-content\/uploads\/2016\/02\/L_AdobeStock_84448950.jpg\" alt=\"\" \/ ><\/p><\/div><\/div><div class=\"panel-grid-cell\" id=\"pgc-696-0-1\" ><div class=\"panel-widget-style\" style=\"background:#d1d1d1; border-width: 1px !important; border-style: solid !important; border-color: #85a2bf !important; text-align: left !important; padding-top: 20px !important;\" ><h2 style=\"padding-left: 30px; text-align: left;\"><span style=\"color: #ffffff; font-size: 14pt;\">INNOVACI\u00d3N OMETATRON<\/span><\/h2><p style=\"padding-left: 30px;\">Nuestras asociaciones con las nuevas unidades productivas, nuestra fiabilidad, calidad y responsabilidad corporativa son las funciones que componen nuestra visi\u00f3n para la satisfacci\u00f3n de las necesidades de los humanos modernos.<\/p><p style=\"padding-left: 30px;\"><span style=\"color: #b00000; font-size: 10pt;\"><strong><a href=\"http:\/\/www.ometatron.gr\/es\/innovation\/\">Leer m\u00e1s<\/a><\/strong><\/span><\/p><\/div><\/div><\/div><\/div><div class=\"panel-grid\" id=\"pg-696-1\" ><div class=\"panel-grid-core\"><div class=\"panel-grid-cell\" id=\"pgc-696-1-0\" ><div class=\"panel-widget-style\" ><div class=\"divider\"><\/div><\/div><\/div><\/div><\/div><div class=\"panel-grid\" id=\"pg-696-2\" ><div class=\"panel-grid-core\"><div class=\"panel-grid-cell\" id=\"pgc-696-2-0\" ><div class=\"panel-widget-style\" ><h2><span style=\"color: #a60000;\">La compa\u00f1\u00eda farmac\u00e9utica OMETATRON<\/span><\/h2><\/div><div class=\"panel-widget-style\" >La compa\u00f1\u00eda farmac\u00e9utica OMETATRON desde 2011 est\u00e1 activada en la promoci\u00f3n de productos innovadores dise\u00f1ados para promover la salud humana.\nGestionado por ejecutivos con a\u00f1os de experiencia en la industria farmac\u00e9utica que han contribuido tanto al desarrollo como al mantenimiento de los valores de acci\u00f3n de la empresa por las necesidades del mundo actual.\nOMETATRON es una de las empresas farmac\u00e9uticas de m\u00e1s estrategia crecimiento con el objetivo de promover productos innovadores para optimizar las enfermedades, tales como la disfunci\u00f3n er\u00e9ctil, as\u00ed como condiciones tales como atonia, p\u00e9rdida de la memoria y el estr\u00e9s.\nDesarrollar colaboraciones con empresas multinacionales pero tambi\u00e9n con productores mundiales tanto en productos farmac\u00e9uticos tambien en los suplementos de la dieta, promueve la salud humana.\n<\/div><\/div><\/div><\/div><div class=\"panel-grid\" id=\"pg-696-3\" ><div class=\"panel-grid-core\"><div class=\"panel-grid-cell\" id=\"pgc-696-3-0\" ><div class=\"panel-widget-style\" ><div class=\"divider\"><\/div><\/div><div class=\"panel-widget-style\" ><div id=\"sc-action-thinkupshortcodesthinkup_builder_calltoaction\" class=\"thinkupshortcodesthinkup_builder_calltoaction sc-action\"><div class=\"sc-action-core\"><div class=\"action-message two_third\"><div class=\"action-text\"><h3>RESPONSABILIDAD CORPORATIVA CON RESPECTO AL SER HUMANO<\/h3><\/div><div class=\"action-teaser\"><p>Nuestra fiabilidad, calidad y responsabilidad corporativa son las funciones que componen nuestra visi\u00f3n de satisfacer las necesidades del ser humano moderno.<\/p>\n<\/div><\/div><div class=\"action-link one_third last\"><a class=\"themebutton\" href=\"http:\/\/www.ometatron.gr\/es\/innovation\/\"current>Leer m\u00e1s<\/a><\/div><div class=\"clearboth\"><\/div><\/div><\/div><\/div><\/div><\/div><\/div>","protected":false},"excerpt":{"rendered":"<p>INNOVACI\u00d3N OMETATRONNuestras asociaciones con las nuevas unidades productivas, nuestra fiabilidad, calidad y responsabilidad corporativa son las funciones que componen nuestra visi\u00f3n para la satisfacci\u00f3n de las necesidades de los humanos modernos.Leer m\u00e1sLa compa\u00f1\u00eda farmac\u00e9utica OMETATRONLa compa\u00f1\u00eda farmac\u00e9utica OMETATRON desde 2011 est\u00e1 activada en la promoci\u00f3n de productos innovadores dise\u00f1ados para promover la salud humana. Gestionado<\/p>\n<p class=\"more-link\"><a href=\"http:\/\/www.ometatron.gr\/es\/about-us\/\" class=\"themebutton2\">READ MORE<\/a><\/p>\n","protected":false},"author":1,"featured_media":0,"parent":0,"menu_order":0,"comment_status":"closed","ping_status":"closed","template":"","meta":{"footnotes":""},"categories":[],"tags":[],"class_list":["post-696","page","type-page","status-publish","hentry"],"_links":{"self":[{"href":"http:\/\/www.ometatron.gr\/es\/wp-json\/wp\/v2\/pages\/696","targetHints":{"allow":["GET"]}}],"collection":[{"href":"http:\/\/www.ometatron.gr\/es\/wp-json\/wp\/v2\/pages"}],"about":[{"href":"http:\/\/www.ometatron.gr\/es\/wp-json\/wp\/v2\/types\/page"}],"author":[{"embeddable":true,"href":"http:\/\/www.ometatron.gr\/es\/wp-json\/wp\/v2\/users\/1"}],"replies":[{"embeddable":true,"href":"http:\/\/www.ometatron.gr\/es\/wp-json\/wp\/v2\/comments?post=696"}],"version-history":[{"count":26,"href":"http:\/\/www.ometatron.gr\/es\/wp-json\/wp\/v2\/pages\/696\/revisions"}],"predecessor-version":[{"id":971,"href":"http:\/\/www.ometatron.gr\/es\/wp-json\/wp\/v2\/pages\/696\/revisions\/971"}],"wp:attachment":[{"href":"http:\/\/www.ometatron.gr\/es\/wp-json\/wp\/v2\/media?parent=696"}],"wp:term":[{"taxonomy":"category","embeddable":true,"href":"http:\/\/www.ometatron.gr\/es\/wp-json\/wp\/v2\/categories?post=696"},{"taxonomy":"post_tag","embeddable":true,"href":"http:\/\/www.ometatron.gr\/es\/wp-json\/wp\/v2\/tags?post=696"}],"curies":[{"name":"wp","href":"https:\/\/api.w.org\/{rel}","templated":true}]}}